{"id":14669,"date":"2018-04-18T07:58:20","date_gmt":"2018-04-18T07:58:20","guid":{"rendered":"http:\/\/demaro.ontwikkel2.webdesigntilburg.nl\/about-us\/historie\/"},"modified":"2025-02-03T14:35:51","modified_gmt":"2025-02-03T14:35:51","slug":"history","status":"publish","type":"page","link":"https:\/\/www.demaro.nl\/en\/about-us\/history\/","title":{"rendered":"History"},"content":{"rendered":"<p>In 1937 richt Marinus Roodklif bakker\u0133 De Maro op aan de Gasthuisstraat in Tilburg. Marinus verkoopt z\u0133n producten voornamel\u0133k aan particulieren maar ook aan een klein aantal grootverbruikers. In 1967 neemt zoon Gerard het bedr\u0133f over en maakt h\u0133 de witte eierkoeken van De Maro tot een begrip in Tilburg en omstreken.<\/p>\n<p>Het bedr\u0133f groeit en verhuist in 1975 naar een grotere locatie in Tilburg. De ambitie groeit mee en daarom stopt De Maro met de verkoop aan particulieren. Vanaf nu richt de bakker\u0133 zich volledig op de horeca, retail en andere grootverbruikers. In 1995 wordt Bart Sn\u0133ders, tegenwoordig eigenaar van De Maro, de rechterhand van Gerard en hun zakel\u0133ke samenwerking wordt vier jaar later officieel beklonken.<\/p>\n","protected":false},"excerpt":{"rendered":"<p>In 1937 richt Marinus Roodklif bakker\u0133 De Maro op aan de Gasthuisstraat in Tilburg. Marinus verkoopt z\u0133n producten voornamel\u0133k aan particulieren maar ook aan een klein aantal grootverbruikers. In 1967 neemt zoon Gerard het bedr\u0133f over en maakt h\u0133 de witte eierkoeken van De Maro tot een begrip in Tilburg en omstreken. Het bedr\u0133f groeit [&hellip;]<\/p>\n","protected":false},"author":1,"featured_media":13707,"parent":14665,"menu_order":0,"comment_status":"closed","ping_status":"closed","template":"","meta":{"_acf_changed":false,"inline_featured_image":false,"footnotes":""},"class_list":["post-14669","page","type-page","status-publish","has-post-thumbnail","hentry"],"acf":[],"yoast_head":"<!-- This site is optimized with the Yoast SEO plugin v27.1.1 - https:\/\/yoast.com\/product\/yoast-seo-wordpress\/ -->\n<title>History - De Maro<\/title>\n<meta name=\"description\" content=\"From local bakery to international wholesale pastry manufacturer. Read our story.\" \/>\n<meta name=\"robots\" content=\"index, follow, max-snippet:-1, max-image-preview:large, max-video-preview:-1\" \/>\n<link rel=\"canonical\" href=\"https:\/\/www.demaro.nl\/en\/about-us\/history\/\" \/>\n<meta property=\"og:locale\" content=\"en_US\" \/>\n<meta property=\"og:type\" content=\"article\" \/>\n<meta property=\"og:title\" content=\"History - De Maro\" \/>\n<meta property=\"og:description\" content=\"From local bakery to international wholesale pastry manufacturer. Read our story.\" \/>\n<meta property=\"og:url\" content=\"https:\/\/www.demaro.nl\/en\/about-us\/history\/\" \/>\n<meta property=\"og:site_name\" content=\"De Maro\" \/>\n<meta property=\"article:modified_time\" content=\"2025-02-03T14:35:51+00:00\" \/>\n<meta property=\"og:image\" content=\"https:\/\/www.demaro.nl\/wp-content\/uploads\/2022\/05\/Quaform-foto-001-1024x738-1.jpg\" \/>\n\t<meta property=\"og:image:width\" content=\"1024\" \/>\n\t<meta property=\"og:image:height\" content=\"738\" \/>\n\t<meta property=\"og:image:type\" content=\"image\/jpeg\" \/>\n<meta name=\"twitter:card\" content=\"summary_large_image\" \/>\n<meta name=\"twitter:label1\" content=\"Est. reading time\" \/>\n\t<meta name=\"twitter:data1\" content=\"1 minute\" \/>\n<script type=\"application\/ld+json\" class=\"yoast-schema-graph\">{\"@context\":\"https:\/\/schema.org\",\"@graph\":[{\"@type\":\"WebPage\",\"@id\":\"https:\/\/www.demaro.nl\/en\/about-us\/history\/\",\"url\":\"https:\/\/www.demaro.nl\/en\/about-us\/history\/\",\"name\":\"History - De Maro\",\"isPartOf\":{\"@id\":\"https:\/\/www.demaro.nl\/en\/#website\"},\"primaryImageOfPage\":{\"@id\":\"https:\/\/www.demaro.nl\/en\/about-us\/history\/#primaryimage\"},\"image\":{\"@id\":\"https:\/\/www.demaro.nl\/en\/about-us\/history\/#primaryimage\"},\"thumbnailUrl\":\"https:\/\/www.demaro.nl\/wp-content\/uploads\/2022\/05\/Quaform-foto-001-1024x738-1.jpg\",\"datePublished\":\"2018-04-18T07:58:20+00:00\",\"dateModified\":\"2025-02-03T14:35:51+00:00\",\"description\":\"From local bakery to international wholesale pastry manufacturer. Read our story.\",\"breadcrumb\":{\"@id\":\"https:\/\/www.demaro.nl\/en\/about-us\/history\/#breadcrumb\"},\"inLanguage\":\"en-US\",\"potentialAction\":[{\"@type\":\"ReadAction\",\"target\":[\"https:\/\/www.demaro.nl\/en\/about-us\/history\/\"]}]},{\"@type\":\"ImageObject\",\"inLanguage\":\"en-US\",\"@id\":\"https:\/\/www.demaro.nl\/en\/about-us\/history\/#primaryimage\",\"url\":\"https:\/\/www.demaro.nl\/wp-content\/uploads\/2022\/05\/Quaform-foto-001-1024x738-1.jpg\",\"contentUrl\":\"https:\/\/www.demaro.nl\/wp-content\/uploads\/2022\/05\/Quaform-foto-001-1024x738-1.jpg\",\"width\":1024,\"height\":738,\"caption\":\"Marinus Roodkli\"},{\"@type\":\"BreadcrumbList\",\"@id\":\"https:\/\/www.demaro.nl\/en\/about-us\/history\/#breadcrumb\",\"itemListElement\":[{\"@type\":\"ListItem\",\"position\":1,\"name\":\"Home\",\"item\":\"https:\/\/www.demaro.nl\/en\/\"},{\"@type\":\"ListItem\",\"position\":2,\"name\":\"About us\",\"item\":\"https:\/\/www.demaro.nl\/en\/about-us\/\"},{\"@type\":\"ListItem\",\"position\":3,\"name\":\"History\"}]},{\"@type\":\"WebSite\",\"@id\":\"https:\/\/www.demaro.nl\/en\/#website\",\"url\":\"https:\/\/www.demaro.nl\/en\/\",\"name\":\"De Maro\",\"description\":\"\",\"potentialAction\":[{\"@type\":\"SearchAction\",\"target\":{\"@type\":\"EntryPoint\",\"urlTemplate\":\"https:\/\/www.demaro.nl\/en\/?s={search_term_string}\"},\"query-input\":{\"@type\":\"PropertyValueSpecification\",\"valueRequired\":true,\"valueName\":\"search_term_string\"}}],\"inLanguage\":\"en-US\"}]}<\/script>\n<!-- \/ Yoast SEO plugin. -->","yoast_head_json":{"title":"History - De Maro","description":"From local bakery to international wholesale pastry manufacturer. Read our story.","robots":{"index":"index","follow":"follow","max-snippet":"max-snippet:-1","max-image-preview":"max-image-preview:large","max-video-preview":"max-video-preview:-1"},"canonical":"https:\/\/www.demaro.nl\/en\/about-us\/history\/","og_locale":"en_US","og_type":"article","og_title":"History - De Maro","og_description":"From local bakery to international wholesale pastry manufacturer. Read our story.","og_url":"https:\/\/www.demaro.nl\/en\/about-us\/history\/","og_site_name":"De Maro","article_modified_time":"2025-02-03T14:35:51+00:00","og_image":[{"width":1024,"height":738,"url":"https:\/\/www.demaro.nl\/wp-content\/uploads\/2022\/05\/Quaform-foto-001-1024x738-1.jpg","type":"image\/jpeg"}],"twitter_card":"summary_large_image","twitter_misc":{"Est. reading time":"1 minute"},"schema":{"@context":"https:\/\/schema.org","@graph":[{"@type":"WebPage","@id":"https:\/\/www.demaro.nl\/en\/about-us\/history\/","url":"https:\/\/www.demaro.nl\/en\/about-us\/history\/","name":"History - De Maro","isPartOf":{"@id":"https:\/\/www.demaro.nl\/en\/#website"},"primaryImageOfPage":{"@id":"https:\/\/www.demaro.nl\/en\/about-us\/history\/#primaryimage"},"image":{"@id":"https:\/\/www.demaro.nl\/en\/about-us\/history\/#primaryimage"},"thumbnailUrl":"https:\/\/www.demaro.nl\/wp-content\/uploads\/2022\/05\/Quaform-foto-001-1024x738-1.jpg","datePublished":"2018-04-18T07:58:20+00:00","dateModified":"2025-02-03T14:35:51+00:00","description":"From local bakery to international wholesale pastry manufacturer. Read our story.","breadcrumb":{"@id":"https:\/\/www.demaro.nl\/en\/about-us\/history\/#breadcrumb"},"inLanguage":"en-US","potentialAction":[{"@type":"ReadAction","target":["https:\/\/www.demaro.nl\/en\/about-us\/history\/"]}]},{"@type":"ImageObject","inLanguage":"en-US","@id":"https:\/\/www.demaro.nl\/en\/about-us\/history\/#primaryimage","url":"https:\/\/www.demaro.nl\/wp-content\/uploads\/2022\/05\/Quaform-foto-001-1024x738-1.jpg","contentUrl":"https:\/\/www.demaro.nl\/wp-content\/uploads\/2022\/05\/Quaform-foto-001-1024x738-1.jpg","width":1024,"height":738,"caption":"Marinus Roodkli"},{"@type":"BreadcrumbList","@id":"https:\/\/www.demaro.nl\/en\/about-us\/history\/#breadcrumb","itemListElement":[{"@type":"ListItem","position":1,"name":"Home","item":"https:\/\/www.demaro.nl\/en\/"},{"@type":"ListItem","position":2,"name":"About us","item":"https:\/\/www.demaro.nl\/en\/about-us\/"},{"@type":"ListItem","position":3,"name":"History"}]},{"@type":"WebSite","@id":"https:\/\/www.demaro.nl\/en\/#website","url":"https:\/\/www.demaro.nl\/en\/","name":"De Maro","description":"","potentialAction":[{"@type":"SearchAction","target":{"@type":"EntryPoint","urlTemplate":"https:\/\/www.demaro.nl\/en\/?s={search_term_string}"},"query-input":{"@type":"PropertyValueSpecification","valueRequired":true,"valueName":"search_term_string"}}],"inLanguage":"en-US"}]}},"_links":{"self":[{"href":"https:\/\/www.demaro.nl\/en\/wp-json\/wp\/v2\/pages\/14669","targetHints":{"allow":["GET"]}}],"collection":[{"href":"https:\/\/www.demaro.nl\/en\/wp-json\/wp\/v2\/pages"}],"about":[{"href":"https:\/\/www.demaro.nl\/en\/wp-json\/wp\/v2\/types\/page"}],"author":[{"embeddable":true,"href":"https:\/\/www.demaro.nl\/en\/wp-json\/wp\/v2\/users\/1"}],"replies":[{"embeddable":true,"href":"https:\/\/www.demaro.nl\/en\/wp-json\/wp\/v2\/comments?post=14669"}],"version-history":[{"count":4,"href":"https:\/\/www.demaro.nl\/en\/wp-json\/wp\/v2\/pages\/14669\/revisions"}],"predecessor-version":[{"id":15790,"href":"https:\/\/www.demaro.nl\/en\/wp-json\/wp\/v2\/pages\/14669\/revisions\/15790"}],"up":[{"embeddable":true,"href":"https:\/\/www.demaro.nl\/en\/wp-json\/wp\/v2\/pages\/14665"}],"wp:featuredmedia":[{"embeddable":true,"href":"https:\/\/www.demaro.nl\/en\/wp-json\/wp\/v2\/media\/13707"}],"wp:attachment":[{"href":"https:\/\/www.demaro.nl\/en\/wp-json\/wp\/v2\/media?parent=14669"}],"curies":[{"name":"wp","href":"https:\/\/api.w.org\/{rel}","templated":true}]}}