{"id":14674,"date":"2018-04-20T14:57:06","date_gmt":"2018-04-20T14:57:06","guid":{"rendered":"http:\/\/demaro.ontwikkel2.webdesigntilburg.nl\/about-us\/kwaliteit-certificering\/"},"modified":"2026-01-21T10:32:07","modified_gmt":"2026-01-21T10:32:07","slug":"quality-certifications","status":"publish","type":"page","link":"https:\/\/www.demaro.nl\/en\/about-us\/quality-certifications\/","title":{"rendered":"Quality &#038; certifications"},"content":{"rendered":"<p>W\u0133 werken met voedingsmiddelen en dus is kwaliteit en voedselveiligheid enorm belangr\u0133k. Onze moderne banketbakker\u0133 stelt ons in staat om ruimschoots te voldoen aan de hedendaagse eisen op het gebied van voedselproductie en hygi\u00ebne.<\/p>\n<p>Banketbakker\u0133 De Maro is op het hoogst haalbare niveau gecertificeerd en heeft jaarl\u0133ks een onaangekondigde BRC audit. Zo streven we naar het hoogst mogel\u0133ke niveau in productkwaliteit en voedselveiligheid.<\/p>\n","protected":false},"excerpt":{"rendered":"<p>W\u0133 werken met voedingsmiddelen en dus is kwaliteit en voedselveiligheid enorm belangr\u0133k. Onze moderne banketbakker\u0133 stelt ons in staat om ruimschoots te voldoen aan de hedendaagse eisen op het gebied van voedselproductie en hygi\u00ebne. Banketbakker\u0133 De Maro is op het hoogst haalbare niveau gecertificeerd en heeft jaarl\u0133ks een onaangekondigde BRC audit. Zo streven we naar [&hellip;]<\/p>\n","protected":false},"author":1,"featured_media":14394,"parent":14665,"menu_order":4,"comment_status":"closed","ping_status":"closed","template":"","meta":{"_acf_changed":false,"inline_featured_image":false,"footnotes":""},"class_list":["post-14674","page","type-page","status-publish","has-post-thumbnail","hentry"],"acf":[],"yoast_head":"<!-- This site is optimized with the Yoast SEO plugin v27.3 - https:\/\/yoast.com\/product\/yoast-seo-wordpress\/ -->\n<title>Quality &amp; certifications - De Maro<\/title>\n<meta name=\"description\" content=\"Quality and food safety as a top priority. Our commitment is rewarded with certifications at the highest attainable level.\" \/>\n<meta name=\"robots\" content=\"index, follow, max-snippet:-1, max-image-preview:large, max-video-preview:-1\" \/>\n<link rel=\"canonical\" href=\"https:\/\/www.demaro.nl\/en\/about-us\/quality-certifications\/\" \/>\n<meta property=\"og:locale\" content=\"en_US\" \/>\n<meta property=\"og:type\" content=\"article\" \/>\n<meta property=\"og:title\" content=\"Quality &amp; certifications - De Maro\" \/>\n<meta property=\"og:description\" content=\"Quality and food safety as a top priority. Our commitment is rewarded with certifications at the highest attainable level.\" \/>\n<meta property=\"og:url\" content=\"https:\/\/www.demaro.nl\/en\/about-us\/quality-certifications\/\" \/>\n<meta property=\"og:site_name\" content=\"De Maro\" \/>\n<meta property=\"article:modified_time\" content=\"2026-01-21T10:32:07+00:00\" \/>\n<meta property=\"og:image\" content=\"https:\/\/www.demaro.nl\/wp-content\/uploads\/2022\/07\/kwaliteit_certificering_header.jpg\" \/>\n\t<meta property=\"og:image:width\" content=\"2000\" \/>\n\t<meta property=\"og:image:height\" content=\"1143\" \/>\n\t<meta property=\"og:image:type\" content=\"image\/jpeg\" \/>\n<meta name=\"twitter:card\" content=\"summary_large_image\" \/>\n<meta name=\"twitter:label1\" content=\"Est. reading time\" \/>\n\t<meta name=\"twitter:data1\" content=\"1 minute\" \/>\n<script type=\"application\/ld+json\" class=\"yoast-schema-graph\">{\"@context\":\"https:\\\/\\\/schema.org\",\"@graph\":[{\"@type\":\"WebPage\",\"@id\":\"https:\\\/\\\/www.demaro.nl\\\/en\\\/about-us\\\/quality-certifications\\\/\",\"url\":\"https:\\\/\\\/www.demaro.nl\\\/en\\\/about-us\\\/quality-certifications\\\/\",\"name\":\"Quality & certifications - De Maro\",\"isPartOf\":{\"@id\":\"https:\\\/\\\/www.demaro.nl\\\/en\\\/#website\"},\"primaryImageOfPage\":{\"@id\":\"https:\\\/\\\/www.demaro.nl\\\/en\\\/about-us\\\/quality-certifications\\\/#primaryimage\"},\"image\":{\"@id\":\"https:\\\/\\\/www.demaro.nl\\\/en\\\/about-us\\\/quality-certifications\\\/#primaryimage\"},\"thumbnailUrl\":\"https:\\\/\\\/www.demaro.nl\\\/wp-content\\\/uploads\\\/2022\\\/07\\\/kwaliteit_certificering_header.jpg\",\"datePublished\":\"2018-04-20T14:57:06+00:00\",\"dateModified\":\"2026-01-21T10:32:07+00:00\",\"description\":\"Quality and food safety as a top priority. Our commitment is rewarded with certifications at the highest attainable level.\",\"breadcrumb\":{\"@id\":\"https:\\\/\\\/www.demaro.nl\\\/en\\\/about-us\\\/quality-certifications\\\/#breadcrumb\"},\"inLanguage\":\"en-US\",\"potentialAction\":[{\"@type\":\"ReadAction\",\"target\":[\"https:\\\/\\\/www.demaro.nl\\\/en\\\/about-us\\\/quality-certifications\\\/\"]}]},{\"@type\":\"ImageObject\",\"inLanguage\":\"en-US\",\"@id\":\"https:\\\/\\\/www.demaro.nl\\\/en\\\/about-us\\\/quality-certifications\\\/#primaryimage\",\"url\":\"https:\\\/\\\/www.demaro.nl\\\/wp-content\\\/uploads\\\/2022\\\/07\\\/kwaliteit_certificering_header.jpg\",\"contentUrl\":\"https:\\\/\\\/www.demaro.nl\\\/wp-content\\\/uploads\\\/2022\\\/07\\\/kwaliteit_certificering_header.jpg\",\"width\":2000,\"height\":1143},{\"@type\":\"BreadcrumbList\",\"@id\":\"https:\\\/\\\/www.demaro.nl\\\/en\\\/about-us\\\/quality-certifications\\\/#breadcrumb\",\"itemListElement\":[{\"@type\":\"ListItem\",\"position\":1,\"name\":\"Home\",\"item\":\"https:\\\/\\\/www.demaro.nl\\\/en\\\/\"},{\"@type\":\"ListItem\",\"position\":2,\"name\":\"About us\",\"item\":\"https:\\\/\\\/www.demaro.nl\\\/en\\\/about-us\\\/\"},{\"@type\":\"ListItem\",\"position\":3,\"name\":\"Quality &#038; certifications\"}]},{\"@type\":\"WebSite\",\"@id\":\"https:\\\/\\\/www.demaro.nl\\\/en\\\/#website\",\"url\":\"https:\\\/\\\/www.demaro.nl\\\/en\\\/\",\"name\":\"De Maro\",\"description\":\"\",\"potentialAction\":[{\"@type\":\"SearchAction\",\"target\":{\"@type\":\"EntryPoint\",\"urlTemplate\":\"https:\\\/\\\/www.demaro.nl\\\/en\\\/?s={search_term_string}\"},\"query-input\":{\"@type\":\"PropertyValueSpecification\",\"valueRequired\":true,\"valueName\":\"search_term_string\"}}],\"inLanguage\":\"en-US\"}]}<\/script>\n<!-- \/ Yoast SEO plugin. -->","yoast_head_json":{"title":"Quality & certifications - De Maro","description":"Quality and food safety as a top priority. Our commitment is rewarded with certifications at the highest attainable level.","robots":{"index":"index","follow":"follow","max-snippet":"max-snippet:-1","max-image-preview":"max-image-preview:large","max-video-preview":"max-video-preview:-1"},"canonical":"https:\/\/www.demaro.nl\/en\/about-us\/quality-certifications\/","og_locale":"en_US","og_type":"article","og_title":"Quality & certifications - De Maro","og_description":"Quality and food safety as a top priority. Our commitment is rewarded with certifications at the highest attainable level.","og_url":"https:\/\/www.demaro.nl\/en\/about-us\/quality-certifications\/","og_site_name":"De Maro","article_modified_time":"2026-01-21T10:32:07+00:00","og_image":[{"width":2000,"height":1143,"url":"https:\/\/www.demaro.nl\/wp-content\/uploads\/2022\/07\/kwaliteit_certificering_header.jpg","type":"image\/jpeg"}],"twitter_card":"summary_large_image","twitter_misc":{"Est. reading time":"1 minute"},"schema":{"@context":"https:\/\/schema.org","@graph":[{"@type":"WebPage","@id":"https:\/\/www.demaro.nl\/en\/about-us\/quality-certifications\/","url":"https:\/\/www.demaro.nl\/en\/about-us\/quality-certifications\/","name":"Quality & certifications - De Maro","isPartOf":{"@id":"https:\/\/www.demaro.nl\/en\/#website"},"primaryImageOfPage":{"@id":"https:\/\/www.demaro.nl\/en\/about-us\/quality-certifications\/#primaryimage"},"image":{"@id":"https:\/\/www.demaro.nl\/en\/about-us\/quality-certifications\/#primaryimage"},"thumbnailUrl":"https:\/\/www.demaro.nl\/wp-content\/uploads\/2022\/07\/kwaliteit_certificering_header.jpg","datePublished":"2018-04-20T14:57:06+00:00","dateModified":"2026-01-21T10:32:07+00:00","description":"Quality and food safety as a top priority. Our commitment is rewarded with certifications at the highest attainable level.","breadcrumb":{"@id":"https:\/\/www.demaro.nl\/en\/about-us\/quality-certifications\/#breadcrumb"},"inLanguage":"en-US","potentialAction":[{"@type":"ReadAction","target":["https:\/\/www.demaro.nl\/en\/about-us\/quality-certifications\/"]}]},{"@type":"ImageObject","inLanguage":"en-US","@id":"https:\/\/www.demaro.nl\/en\/about-us\/quality-certifications\/#primaryimage","url":"https:\/\/www.demaro.nl\/wp-content\/uploads\/2022\/07\/kwaliteit_certificering_header.jpg","contentUrl":"https:\/\/www.demaro.nl\/wp-content\/uploads\/2022\/07\/kwaliteit_certificering_header.jpg","width":2000,"height":1143},{"@type":"BreadcrumbList","@id":"https:\/\/www.demaro.nl\/en\/about-us\/quality-certifications\/#breadcrumb","itemListElement":[{"@type":"ListItem","position":1,"name":"Home","item":"https:\/\/www.demaro.nl\/en\/"},{"@type":"ListItem","position":2,"name":"About us","item":"https:\/\/www.demaro.nl\/en\/about-us\/"},{"@type":"ListItem","position":3,"name":"Quality &#038; certifications"}]},{"@type":"WebSite","@id":"https:\/\/www.demaro.nl\/en\/#website","url":"https:\/\/www.demaro.nl\/en\/","name":"De Maro","description":"","potentialAction":[{"@type":"SearchAction","target":{"@type":"EntryPoint","urlTemplate":"https:\/\/www.demaro.nl\/en\/?s={search_term_string}"},"query-input":{"@type":"PropertyValueSpecification","valueRequired":true,"valueName":"search_term_string"}}],"inLanguage":"en-US"}]}},"_links":{"self":[{"href":"https:\/\/www.demaro.nl\/en\/wp-json\/wp\/v2\/pages\/14674","targetHints":{"allow":["GET"]}}],"collection":[{"href":"https:\/\/www.demaro.nl\/en\/wp-json\/wp\/v2\/pages"}],"about":[{"href":"https:\/\/www.demaro.nl\/en\/wp-json\/wp\/v2\/types\/page"}],"author":[{"embeddable":true,"href":"https:\/\/www.demaro.nl\/en\/wp-json\/wp\/v2\/users\/1"}],"replies":[{"embeddable":true,"href":"https:\/\/www.demaro.nl\/en\/wp-json\/wp\/v2\/comments?post=14674"}],"version-history":[{"count":28,"href":"https:\/\/www.demaro.nl\/en\/wp-json\/wp\/v2\/pages\/14674\/revisions"}],"predecessor-version":[{"id":15926,"href":"https:\/\/www.demaro.nl\/en\/wp-json\/wp\/v2\/pages\/14674\/revisions\/15926"}],"up":[{"embeddable":true,"href":"https:\/\/www.demaro.nl\/en\/wp-json\/wp\/v2\/pages\/14665"}],"wp:featuredmedia":[{"embeddable":true,"href":"https:\/\/www.demaro.nl\/en\/wp-json\/wp\/v2\/media\/14394"}],"wp:attachment":[{"href":"https:\/\/www.demaro.nl\/en\/wp-json\/wp\/v2\/media?parent=14674"}],"curies":[{"name":"wp","href":"https:\/\/api.w.org\/{rel}","templated":true}]}}