{"id":14678,"date":"2018-04-23T09:40:36","date_gmt":"2018-04-23T09:40:36","guid":{"rendered":"http:\/\/demaro.ontwikkel2.webdesigntilburg.nl\/about-us\/team\/"},"modified":"2024-09-30T12:35:30","modified_gmt":"2024-09-30T12:35:30","slug":"team","status":"publish","type":"page","link":"https:\/\/www.demaro.nl\/en\/about-us\/team\/","title":{"rendered":"Team"},"content":{"rendered":"<p>Het z\u0133n de mensen die De Maro maken. Als specialisten binnen ons vakgebied vormen we samen een hecht team. De Brabantse gezelligheid is hier absoluut te voelen en het mooie is dat die sfeer hand in hand gaat met een heel gedreven hands-on mentaliteit. Het voelt als een familiebedr\u0133f, met mensen die hier soms al tientallen jaren werken. Dat vinden we belangr\u0133k want w\u0133 geloven dat succes begint b\u0133 jezelf. Op die manier kunnen w\u0133 de partner z\u0133n die we willen z\u0133n voor onze klanten. Hulpvaardig, servicegericht, professioneel en betrouwbaar.<\/p>\n","protected":false},"excerpt":{"rendered":"<p>Het z\u0133n de mensen die De Maro maken. Als specialisten binnen ons vakgebied vormen we samen een hecht team. De Brabantse gezelligheid is hier absoluut te voelen en het mooie is dat die sfeer hand in hand gaat met een heel gedreven hands-on mentaliteit. Het voelt als een familiebedr\u0133f, met mensen die hier soms al [&hellip;]<\/p>\n","protected":false},"author":1,"featured_media":13709,"parent":14665,"menu_order":0,"comment_status":"closed","ping_status":"closed","template":"","meta":{"_acf_changed":false,"inline_featured_image":false,"footnotes":""},"class_list":["post-14678","page","type-page","status-publish","has-post-thumbnail","hentry"],"acf":[],"yoast_head":"<!-- This site is optimized with the Yoast SEO plugin v27.1.1 - https:\/\/yoast.com\/product\/yoast-seo-wordpress\/ -->\n<title>Team - De Maro<\/title>\n<meta name=\"description\" content=\"Meet our team.\" \/>\n<meta name=\"robots\" content=\"index, follow, max-snippet:-1, max-image-preview:large, max-video-preview:-1\" \/>\n<link rel=\"canonical\" href=\"https:\/\/www.demaro.nl\/en\/about-us\/team\/\" \/>\n<meta property=\"og:locale\" content=\"en_US\" \/>\n<meta property=\"og:type\" content=\"article\" \/>\n<meta property=\"og:title\" content=\"Team - De Maro\" \/>\n<meta property=\"og:description\" content=\"Meet our team.\" \/>\n<meta property=\"og:url\" content=\"https:\/\/www.demaro.nl\/en\/about-us\/team\/\" \/>\n<meta property=\"og:site_name\" content=\"De Maro\" \/>\n<meta property=\"article:modified_time\" content=\"2024-09-30T12:35:30+00:00\" \/>\n<meta property=\"og:image\" content=\"https:\/\/www.demaro.nl\/wp-content\/uploads\/2022\/05\/DSC0017_BAKKERSTEAM.jpg\" \/>\n\t<meta property=\"og:image:width\" content=\"1152\" \/>\n\t<meta property=\"og:image:height\" content=\"768\" \/>\n\t<meta property=\"og:image:type\" content=\"image\/jpeg\" \/>\n<meta name=\"twitter:card\" content=\"summary_large_image\" \/>\n<meta name=\"twitter:label1\" content=\"Est. reading time\" \/>\n\t<meta name=\"twitter:data1\" content=\"1 minute\" \/>\n<script type=\"application\/ld+json\" class=\"yoast-schema-graph\">{\"@context\":\"https:\/\/schema.org\",\"@graph\":[{\"@type\":\"WebPage\",\"@id\":\"https:\/\/www.demaro.nl\/en\/about-us\/team\/\",\"url\":\"https:\/\/www.demaro.nl\/en\/about-us\/team\/\",\"name\":\"Team - De Maro\",\"isPartOf\":{\"@id\":\"https:\/\/www.demaro.nl\/en\/#website\"},\"primaryImageOfPage\":{\"@id\":\"https:\/\/www.demaro.nl\/en\/about-us\/team\/#primaryimage\"},\"image\":{\"@id\":\"https:\/\/www.demaro.nl\/en\/about-us\/team\/#primaryimage\"},\"thumbnailUrl\":\"https:\/\/www.demaro.nl\/wp-content\/uploads\/2022\/05\/DSC0017_BAKKERSTEAM.jpg\",\"datePublished\":\"2018-04-23T09:40:36+00:00\",\"dateModified\":\"2024-09-30T12:35:30+00:00\",\"description\":\"Meet our team.\",\"breadcrumb\":{\"@id\":\"https:\/\/www.demaro.nl\/en\/about-us\/team\/#breadcrumb\"},\"inLanguage\":\"en-US\",\"potentialAction\":[{\"@type\":\"ReadAction\",\"target\":[\"https:\/\/www.demaro.nl\/en\/about-us\/team\/\"]}]},{\"@type\":\"ImageObject\",\"inLanguage\":\"en-US\",\"@id\":\"https:\/\/www.demaro.nl\/en\/about-us\/team\/#primaryimage\",\"url\":\"https:\/\/www.demaro.nl\/wp-content\/uploads\/2022\/05\/DSC0017_BAKKERSTEAM.jpg\",\"contentUrl\":\"https:\/\/www.demaro.nl\/wp-content\/uploads\/2022\/05\/DSC0017_BAKKERSTEAM.jpg\",\"width\":1152,\"height\":768,\"caption\":\"team bakkers\"},{\"@type\":\"BreadcrumbList\",\"@id\":\"https:\/\/www.demaro.nl\/en\/about-us\/team\/#breadcrumb\",\"itemListElement\":[{\"@type\":\"ListItem\",\"position\":1,\"name\":\"Home\",\"item\":\"https:\/\/www.demaro.nl\/en\/\"},{\"@type\":\"ListItem\",\"position\":2,\"name\":\"About us\",\"item\":\"https:\/\/www.demaro.nl\/en\/about-us\/\"},{\"@type\":\"ListItem\",\"position\":3,\"name\":\"Team\"}]},{\"@type\":\"WebSite\",\"@id\":\"https:\/\/www.demaro.nl\/en\/#website\",\"url\":\"https:\/\/www.demaro.nl\/en\/\",\"name\":\"De Maro\",\"description\":\"\",\"potentialAction\":[{\"@type\":\"SearchAction\",\"target\":{\"@type\":\"EntryPoint\",\"urlTemplate\":\"https:\/\/www.demaro.nl\/en\/?s={search_term_string}\"},\"query-input\":{\"@type\":\"PropertyValueSpecification\",\"valueRequired\":true,\"valueName\":\"search_term_string\"}}],\"inLanguage\":\"en-US\"}]}<\/script>\n<!-- \/ Yoast SEO plugin. -->","yoast_head_json":{"title":"Team - De Maro","description":"Meet our team.","robots":{"index":"index","follow":"follow","max-snippet":"max-snippet:-1","max-image-preview":"max-image-preview:large","max-video-preview":"max-video-preview:-1"},"canonical":"https:\/\/www.demaro.nl\/en\/about-us\/team\/","og_locale":"en_US","og_type":"article","og_title":"Team - De Maro","og_description":"Meet our team.","og_url":"https:\/\/www.demaro.nl\/en\/about-us\/team\/","og_site_name":"De Maro","article_modified_time":"2024-09-30T12:35:30+00:00","og_image":[{"width":1152,"height":768,"url":"https:\/\/www.demaro.nl\/wp-content\/uploads\/2022\/05\/DSC0017_BAKKERSTEAM.jpg","type":"image\/jpeg"}],"twitter_card":"summary_large_image","twitter_misc":{"Est. reading time":"1 minute"},"schema":{"@context":"https:\/\/schema.org","@graph":[{"@type":"WebPage","@id":"https:\/\/www.demaro.nl\/en\/about-us\/team\/","url":"https:\/\/www.demaro.nl\/en\/about-us\/team\/","name":"Team - De Maro","isPartOf":{"@id":"https:\/\/www.demaro.nl\/en\/#website"},"primaryImageOfPage":{"@id":"https:\/\/www.demaro.nl\/en\/about-us\/team\/#primaryimage"},"image":{"@id":"https:\/\/www.demaro.nl\/en\/about-us\/team\/#primaryimage"},"thumbnailUrl":"https:\/\/www.demaro.nl\/wp-content\/uploads\/2022\/05\/DSC0017_BAKKERSTEAM.jpg","datePublished":"2018-04-23T09:40:36+00:00","dateModified":"2024-09-30T12:35:30+00:00","description":"Meet our team.","breadcrumb":{"@id":"https:\/\/www.demaro.nl\/en\/about-us\/team\/#breadcrumb"},"inLanguage":"en-US","potentialAction":[{"@type":"ReadAction","target":["https:\/\/www.demaro.nl\/en\/about-us\/team\/"]}]},{"@type":"ImageObject","inLanguage":"en-US","@id":"https:\/\/www.demaro.nl\/en\/about-us\/team\/#primaryimage","url":"https:\/\/www.demaro.nl\/wp-content\/uploads\/2022\/05\/DSC0017_BAKKERSTEAM.jpg","contentUrl":"https:\/\/www.demaro.nl\/wp-content\/uploads\/2022\/05\/DSC0017_BAKKERSTEAM.jpg","width":1152,"height":768,"caption":"team bakkers"},{"@type":"BreadcrumbList","@id":"https:\/\/www.demaro.nl\/en\/about-us\/team\/#breadcrumb","itemListElement":[{"@type":"ListItem","position":1,"name":"Home","item":"https:\/\/www.demaro.nl\/en\/"},{"@type":"ListItem","position":2,"name":"About us","item":"https:\/\/www.demaro.nl\/en\/about-us\/"},{"@type":"ListItem","position":3,"name":"Team"}]},{"@type":"WebSite","@id":"https:\/\/www.demaro.nl\/en\/#website","url":"https:\/\/www.demaro.nl\/en\/","name":"De Maro","description":"","potentialAction":[{"@type":"SearchAction","target":{"@type":"EntryPoint","urlTemplate":"https:\/\/www.demaro.nl\/en\/?s={search_term_string}"},"query-input":{"@type":"PropertyValueSpecification","valueRequired":true,"valueName":"search_term_string"}}],"inLanguage":"en-US"}]}},"_links":{"self":[{"href":"https:\/\/www.demaro.nl\/en\/wp-json\/wp\/v2\/pages\/14678","targetHints":{"allow":["GET"]}}],"collection":[{"href":"https:\/\/www.demaro.nl\/en\/wp-json\/wp\/v2\/pages"}],"about":[{"href":"https:\/\/www.demaro.nl\/en\/wp-json\/wp\/v2\/types\/page"}],"author":[{"embeddable":true,"href":"https:\/\/www.demaro.nl\/en\/wp-json\/wp\/v2\/users\/1"}],"replies":[{"embeddable":true,"href":"https:\/\/www.demaro.nl\/en\/wp-json\/wp\/v2\/comments?post=14678"}],"version-history":[{"count":1,"href":"https:\/\/www.demaro.nl\/en\/wp-json\/wp\/v2\/pages\/14678\/revisions"}],"predecessor-version":[{"id":14679,"href":"https:\/\/www.demaro.nl\/en\/wp-json\/wp\/v2\/pages\/14678\/revisions\/14679"}],"up":[{"embeddable":true,"href":"https:\/\/www.demaro.nl\/en\/wp-json\/wp\/v2\/pages\/14665"}],"wp:featuredmedia":[{"embeddable":true,"href":"https:\/\/www.demaro.nl\/en\/wp-json\/wp\/v2\/media\/13709"}],"wp:attachment":[{"href":"https:\/\/www.demaro.nl\/en\/wp-json\/wp\/v2\/media?parent=14678"}],"curies":[{"name":"wp","href":"https:\/\/api.w.org\/{rel}","templated":true}]}}