{"id":2064,"date":"2018-05-02T07:25:10","date_gmt":"2018-05-02T07:25:10","guid":{"rendered":"https:\/\/www.demaro.nl\/vacatures\/"},"modified":"2018-05-02T07:25:10","modified_gmt":"2018-05-02T07:25:10","slug":"vacatures","status":"publish","type":"page","link":"https:\/\/www.demaro.nl\/en\/vacatures\/","title":{"rendered":"Vacatures"},"content":{"rendered":"<p>Groei en verbetering z\u0133n twee belangr\u0133ke p\u0133lers van De Maro. Want wie de beste wil z\u0133n en wil bl\u0133ven moet continu innoveren. De sfeer heeft na meer dan 80 jaar bestaansrecht nog alt\u0133d de bevlogenheid van een jong bedr\u0133f met medewerkers die elkaar scherp houden en tegel\u0133kert\u0133d kunnen vertrouwen op elkaars vakkennis. Ben j\u0133 gedreven en enthousiast en voel je de klik met de ambachtel\u0133ke producten die De Maro maakt? Dan kunnen we elkaar misschien wel bl\u0133 maken.<\/p>\n","protected":false},"excerpt":{"rendered":"<p>Groei en verbetering z\u0133n twee belangr\u0133ke p\u0133lers van De Maro. Want wie de beste wil z\u0133n en wil bl\u0133ven moet continu innoveren. De sfeer heeft na meer dan 80 jaar bestaansrecht nog alt\u0133d de bevlogenheid van een jong bedr\u0133f met medewerkers die elkaar scherp houden en tegel\u0133kert\u0133d kunnen vertrouwen op elkaars vakkennis. Ben j\u0133 gedreven [&hellip;]<\/p>\n","protected":false},"author":1,"featured_media":1749,"parent":0,"menu_order":0,"comment_status":"closed","ping_status":"closed","template":"","meta":{"_acf_changed":false,"inline_featured_image":false,"footnotes":""},"class_list":["post-2064","page","type-page","status-publish","has-post-thumbnail","hentry"],"acf":[],"yoast_head":"<!-- This site is optimized with the Yoast SEO plugin v27.1.1 - https:\/\/yoast.com\/product\/yoast-seo-wordpress\/ -->\n<title>Vacatures - De Maro<\/title>\n<meta name=\"robots\" content=\"index, follow, max-snippet:-1, max-image-preview:large, max-video-preview:-1\" \/>\n<link rel=\"canonical\" href=\"https:\/\/www.demaro.nl\/en\/vacatures\/\" \/>\n<meta property=\"og:locale\" content=\"en_US\" \/>\n<meta property=\"og:type\" content=\"article\" \/>\n<meta property=\"og:title\" content=\"Vacatures - De Maro\" \/>\n<meta property=\"og:description\" content=\"Groei en verbetering z\u0133n twee belangr\u0133ke p\u0133lers van De Maro. Want wie de beste wil z\u0133n en wil bl\u0133ven moet continu innoveren. De sfeer heeft na meer dan 80 jaar bestaansrecht nog alt\u0133d de bevlogenheid van een jong bedr\u0133f met medewerkers die elkaar scherp houden en tegel\u0133kert\u0133d kunnen vertrouwen op elkaars vakkennis. Ben j\u0133 gedreven [&hellip;]\" \/>\n<meta property=\"og:url\" content=\"https:\/\/www.demaro.nl\/en\/vacatures\/\" \/>\n<meta property=\"og:site_name\" content=\"De Maro\" \/>\n<meta property=\"og:image\" content=\"https:\/\/www.demaro.nl\/wp-content\/uploads\/2018\/05\/demaro_horecava_2018-9398.jpg\" \/>\n\t<meta property=\"og:image:width\" content=\"1618\" \/>\n\t<meta property=\"og:image:height\" content=\"1080\" \/>\n\t<meta property=\"og:image:type\" content=\"image\/jpeg\" \/>\n<meta name=\"twitter:card\" content=\"summary_large_image\" \/>\n<script type=\"application\/ld+json\" class=\"yoast-schema-graph\">{\"@context\":\"https:\/\/schema.org\",\"@graph\":[{\"@type\":\"WebPage\",\"@id\":\"https:\/\/www.demaro.nl\/en\/vacatures\/\",\"url\":\"https:\/\/www.demaro.nl\/en\/vacatures\/\",\"name\":\"Vacatures - De Maro\",\"isPartOf\":{\"@id\":\"https:\/\/www.demaro.nl\/en\/#website\"},\"primaryImageOfPage\":{\"@id\":\"https:\/\/www.demaro.nl\/en\/vacatures\/#primaryimage\"},\"image\":{\"@id\":\"https:\/\/www.demaro.nl\/en\/vacatures\/#primaryimage\"},\"thumbnailUrl\":\"https:\/\/www.demaro.nl\/wp-content\/uploads\/2018\/05\/demaro_horecava_2018-9398.jpg\",\"datePublished\":\"2018-05-02T07:25:10+00:00\",\"breadcrumb\":{\"@id\":\"https:\/\/www.demaro.nl\/en\/vacatures\/#breadcrumb\"},\"inLanguage\":\"en-US\",\"potentialAction\":[{\"@type\":\"ReadAction\",\"target\":[\"https:\/\/www.demaro.nl\/en\/vacatures\/\"]}]},{\"@type\":\"ImageObject\",\"inLanguage\":\"en-US\",\"@id\":\"https:\/\/www.demaro.nl\/en\/vacatures\/#primaryimage\",\"url\":\"https:\/\/www.demaro.nl\/wp-content\/uploads\/2018\/05\/demaro_horecava_2018-9398.jpg\",\"contentUrl\":\"https:\/\/www.demaro.nl\/wp-content\/uploads\/2018\/05\/demaro_horecava_2018-9398.jpg\",\"width\":1618,\"height\":1080},{\"@type\":\"BreadcrumbList\",\"@id\":\"https:\/\/www.demaro.nl\/en\/vacatures\/#breadcrumb\",\"itemListElement\":[{\"@type\":\"ListItem\",\"position\":1,\"name\":\"Home\",\"item\":\"https:\/\/www.demaro.nl\/en\/\"},{\"@type\":\"ListItem\",\"position\":2,\"name\":\"Vacatures\"}]},{\"@type\":\"WebSite\",\"@id\":\"https:\/\/www.demaro.nl\/en\/#website\",\"url\":\"https:\/\/www.demaro.nl\/en\/\",\"name\":\"De Maro\",\"description\":\"\",\"potentialAction\":[{\"@type\":\"SearchAction\",\"target\":{\"@type\":\"EntryPoint\",\"urlTemplate\":\"https:\/\/www.demaro.nl\/en\/?s={search_term_string}\"},\"query-input\":{\"@type\":\"PropertyValueSpecification\",\"valueRequired\":true,\"valueName\":\"search_term_string\"}}],\"inLanguage\":\"en-US\"}]}<\/script>\n<!-- \/ Yoast SEO plugin. -->","yoast_head_json":{"title":"Vacatures - De Maro","robots":{"index":"index","follow":"follow","max-snippet":"max-snippet:-1","max-image-preview":"max-image-preview:large","max-video-preview":"max-video-preview:-1"},"canonical":"https:\/\/www.demaro.nl\/en\/vacatures\/","og_locale":"en_US","og_type":"article","og_title":"Vacatures - De Maro","og_description":"Groei en verbetering z\u0133n twee belangr\u0133ke p\u0133lers van De Maro. Want wie de beste wil z\u0133n en wil bl\u0133ven moet continu innoveren. De sfeer heeft na meer dan 80 jaar bestaansrecht nog alt\u0133d de bevlogenheid van een jong bedr\u0133f met medewerkers die elkaar scherp houden en tegel\u0133kert\u0133d kunnen vertrouwen op elkaars vakkennis. Ben j\u0133 gedreven [&hellip;]","og_url":"https:\/\/www.demaro.nl\/en\/vacatures\/","og_site_name":"De Maro","og_image":[{"width":1618,"height":1080,"url":"https:\/\/www.demaro.nl\/wp-content\/uploads\/2018\/05\/demaro_horecava_2018-9398.jpg","type":"image\/jpeg"}],"twitter_card":"summary_large_image","schema":{"@context":"https:\/\/schema.org","@graph":[{"@type":"WebPage","@id":"https:\/\/www.demaro.nl\/en\/vacatures\/","url":"https:\/\/www.demaro.nl\/en\/vacatures\/","name":"Vacatures - De Maro","isPartOf":{"@id":"https:\/\/www.demaro.nl\/en\/#website"},"primaryImageOfPage":{"@id":"https:\/\/www.demaro.nl\/en\/vacatures\/#primaryimage"},"image":{"@id":"https:\/\/www.demaro.nl\/en\/vacatures\/#primaryimage"},"thumbnailUrl":"https:\/\/www.demaro.nl\/wp-content\/uploads\/2018\/05\/demaro_horecava_2018-9398.jpg","datePublished":"2018-05-02T07:25:10+00:00","breadcrumb":{"@id":"https:\/\/www.demaro.nl\/en\/vacatures\/#breadcrumb"},"inLanguage":"en-US","potentialAction":[{"@type":"ReadAction","target":["https:\/\/www.demaro.nl\/en\/vacatures\/"]}]},{"@type":"ImageObject","inLanguage":"en-US","@id":"https:\/\/www.demaro.nl\/en\/vacatures\/#primaryimage","url":"https:\/\/www.demaro.nl\/wp-content\/uploads\/2018\/05\/demaro_horecava_2018-9398.jpg","contentUrl":"https:\/\/www.demaro.nl\/wp-content\/uploads\/2018\/05\/demaro_horecava_2018-9398.jpg","width":1618,"height":1080},{"@type":"BreadcrumbList","@id":"https:\/\/www.demaro.nl\/en\/vacatures\/#breadcrumb","itemListElement":[{"@type":"ListItem","position":1,"name":"Home","item":"https:\/\/www.demaro.nl\/en\/"},{"@type":"ListItem","position":2,"name":"Vacatures"}]},{"@type":"WebSite","@id":"https:\/\/www.demaro.nl\/en\/#website","url":"https:\/\/www.demaro.nl\/en\/","name":"De Maro","description":"","potentialAction":[{"@type":"SearchAction","target":{"@type":"EntryPoint","urlTemplate":"https:\/\/www.demaro.nl\/en\/?s={search_term_string}"},"query-input":{"@type":"PropertyValueSpecification","valueRequired":true,"valueName":"search_term_string"}}],"inLanguage":"en-US"}]}},"_links":{"self":[{"href":"https:\/\/www.demaro.nl\/en\/wp-json\/wp\/v2\/pages\/2064","targetHints":{"allow":["GET"]}}],"collection":[{"href":"https:\/\/www.demaro.nl\/en\/wp-json\/wp\/v2\/pages"}],"about":[{"href":"https:\/\/www.demaro.nl\/en\/wp-json\/wp\/v2\/types\/page"}],"author":[{"embeddable":true,"href":"https:\/\/www.demaro.nl\/en\/wp-json\/wp\/v2\/users\/1"}],"replies":[{"embeddable":true,"href":"https:\/\/www.demaro.nl\/en\/wp-json\/wp\/v2\/comments?post=2064"}],"version-history":[{"count":0,"href":"https:\/\/www.demaro.nl\/en\/wp-json\/wp\/v2\/pages\/2064\/revisions"}],"wp:featuredmedia":[{"embeddable":true,"href":"https:\/\/www.demaro.nl\/en\/wp-json\/wp\/v2\/media\/1749"}],"wp:attachment":[{"href":"https:\/\/www.demaro.nl\/en\/wp-json\/wp\/v2\/media?parent=2064"}],"curies":[{"name":"wp","href":"https:\/\/api.w.org\/{rel}","templated":true}]}}